{"id":473,"date":"2025-06-06T08:59:34","date_gmt":"2025-06-06T06:59:34","guid":{"rendered":"https:\/\/www.pyonen.de\/tantelisbeth\/?page_id=473"},"modified":"2025-11-27T20:14:25","modified_gmt":"2025-11-27T19:14:25","slug":"kegelbahn-reservieren","status":"publish","type":"page","link":"https:\/\/www.pyonen.de\/tantelisbeth\/kegelbahn-reservieren\/","title":{"rendered":"Kegelbahn reservieren"},"content":{"rendered":"<!--noptimize-->        <script type=\"text\/javascript\">\n         var cp_tslotsbk_cancel_label = 'r\u00fcckg\u00e4ngig';\n         var cp_tslotsbk_cost_label = 'Kosten';\n         var cp_tslotsbk_nomore_label = 'Keine Termine mehr verf\u00fcgbar.';\n         var cp_tslotsbk_pselect_quant = 'Please select a quantity';\n         var cp_tslotsbk_overlapping_label = 'Die gew\u00e4hlte Zeit ist nicht mehr verf\u00fcgbar. Bitte eine andere Zeit w\u00e4hlen.';\n         var cp_tslotsbk_avoid_overlapping = 0;\n         var cp_tslotsbk_overbooking_handler0 = false;\n         function cp_tslotsbooking_pform_doValidate_1(form)\n         {\n            $dexQuery = jQuery.noConflict();\n            try \n            { \n                document.cp_tslotsbooking_pform_1.cp_ref_page.value = document.location; \n            } \n            catch (e) \n            {\n            }\n            $dexQuery = jQuery.noConflict();            {\n                var cpefb_error = 0;\n                $dexQuery(\"#cp_tslotsbooking_pform_1\").find(\".cpefb_error\").each(function(index){\n                    if ($dexQuery(this).css(\"display\")!=\"none\")\n                        cpefb_error++;\n                    });\n                if (cpefb_error==0)\n                {               \n                 if (!cp_tslotsbk_overbooking_handler0)\n                    {                \n                        apptslotsbblink(\".pbSubmit:visible\");\n                        $dexQuery(\"#cp_tslotsbooking_pform_1\").find(\".avoid_overlapping_before\").not(\".ignore,.ignorepbNOT\").removeClass(\"avoid_overlapping_before\").removeClass(\"valid\").addClass(\"avoid_overlapping\");\n                        cp_tslotsbk_avoid_overlapping = 1;\n                        try \n                        {\n                            $dexQuery(\"#cp_tslotsbooking_pform_1\").find(\".avoid_overlapping\").valid();\n                        } \n                        catch (e) \n                        { \n                            cp_tslotsbk_avoid_overlapping = 0; \n                        }\n                        function check_cp_tslotsbk_avoid_overlapping(){                          \n\t\t                    if (cp_tslotsbk_avoid_overlapping>0)\n\t\t                        setTimeout(check_cp_tslotsbk_avoid_overlapping,100);\n\t\t                    else\n\t\t                    {\n                                var cpefb_error = 0;\n                                $dexQuery(\"#cp_tslotsbooking_pform_1\").find(\".cpefb_error\").each(function(index){\n                                    if ($dexQuery(this).css(\"display\")!=\"none\")\n                                        cpefb_error++;    \n                                    });\n                                if (cpefb_error==0)    \n                                {\n                                    cp_tslotsbk_overbooking_handler0 = true;\n                                    if (cp_tslotsbooking_pform_doValidate_1(form))\n                                        document.getElementById(\"cp_tslotsbooking_pform_1\").submit();\n                                }\n                                else if ($dexQuery(\"#cp_tslotsbooking_pform_1\").find(\".cpefb_error.avoid_overlapping\").length > 0)\n                                {\n                                    try \n\t\t\t\t\t                {\n                                        var err = $dexQuery(\"#cp_tslotsbooking_pform_1\").find(\".cpefb_error.avoid_overlapping\");\n                                        var f_avoid_overlapping = err.parents(\"form\");\n                                        var page_avoid_overlapping = err.parents(\".pbreak\").attr(\"page\"); \n                                        f_avoid_overlapping.find(\".pbreak\").css(\"display\",\"none\").find(\".field\").addClass(\"ignorepb\");\n\t\t\t\t\t                    f_avoid_overlapping.find(\".pb\"+page_avoid_overlapping).css(\"display\",\"block\").find(\".field\").removeClass(\"ignorepb\");\n\t\t\t\t\t                    if (f_avoid_overlapping.find(\".pb\"+page_avoid_overlapping).find(\".field\").length>0)\n\t\t\t\t\t                        f_avoid_overlapping.find(\".pb\"+page_avoid_overlapping).find(\".field\")[0].focus();   \n                                        cp_tslotsbk_overbooking_handler0 = true;      \n                                        cp_tslotsbk_avoid_overlapping = 0;                                                        \n\t\t\t\t\t                }\n\t\t\t\t\t                catch(e){}\n                                }   \t\t\t\t\t                \t\n\t\t                    }  \n\t\t                }\n\t\t                check_cp_tslotsbk_avoid_overlapping();\n                        return false;\n                    }\t        \t\t$dexQuery(\"#cp_tslotsbooking_pform_1\").find( '.ignore' ).closest( '.fields' ).remove();\n\t        \t}\n                if (cpefb_error) return false;\n\t        \tdocument.getElementById(\"form_structure_1\").value = '';\n\t        \tdocument.getElementById(\"refpage_1\").value = document.location;\n                try \n                { \n                    if (document.cp_tslotsbooking_pform_1.cp_tslotsbooking_pform_status.value != '0')\n                        return false; \n                } \n                catch (e) \n                {\n                }\n                apptslotsbblink(\".pbSubmit:visible\");\n                try \n                { \n                    document.cp_tslotsbooking_pform_1.cp_tslotsbooking_pform_status.value = '1';\t \n                } \n                catch (e) \n                {\n                }\n                $dexQuery(document).trigger(\"beforeOnSubmitWPTS\",{id:\"cp_tslotsbooking_pform_1\"});\n                return true;\n            }\n         }\n         function apptslotsbblink(selector){\n             try {\n                 $dexQuery = jQuery.noConflict();\n                 $dexQuery(selector).fadeOut(1000, function(){\n                     $dexQuery(this).fadeIn(1000, function(){\n                             try {\n                                 if (document.cp_tslotsbooking_pform_1.cp_tslotsbooking_pform_status.value != '0')\n                                     apptslotsbblink(this);\n                             } \n                             catch (e) \n                             {\n                             }\n                     });\n                 });\n             } \n             catch (e) \n             {\n             }\n         }\n         function cp_tslotsbooking_cerror_1(){$dexQuery = jQuery.noConflict();$dexQuery(\"#hdcaptcha_error_1\").css('top',$dexQuery(\"#hdcaptcha_cp_tslotsbooking_post_1\").outerHeight());$dexQuery(\"#hdcaptcha_error_1\").css(\"display\",\"inline\");}\n        <\/script><!--\/noptimize-->\n        <link href=\"https:\/\/www.pyonen.de\/tantelisbeth\/wp-content\/plugins\/wp-time-slots-booking-form\/templates\/06\/style.css\" type=\"text\/css\" rel=\"stylesheet\" \/><form autocomplete=\"off\" class=\"cpp_form no-prefetch\" name=\"cp_tslotsbooking_pform_1\" id=\"cp_tslotsbooking_pform_1\" action=\"\" method=\"post\" enctype=\"multipart\/form-data\" onsubmit=\"return cp_tslotsbooking_pform_doValidate_1(this);\"><input type=\"hidden\" name=\"cp_pform_psequence\" value=\"_1\" \/><input type=\"hidden\" name=\"cp_tslotsbooking_pform_process\" value=\"1\" \/><input type=\"hidden\" name=\"cp_tslotsbooking_id\" value=\"1\" \/><input type=\"hidden\" name=\"cp_ref_page\" value=\"\" \/><input type=\"hidden\" name=\"form_structure_1\" id=\"form_structure_1\" size=\"180\" value=\"[[{&quot;form_identifier&quot;:&quot;&quot;,&quot;name&quot;:&quot;fieldname8&quot;,&quot;shortlabel&quot;:&quot;&quot;,&quot;index&quot;:0,&quot;ftype&quot;:&quot;fhtml&quot;,&quot;userhelp&quot;:&quot;&quot;,&quot;userhelpTooltip&quot;:false,&quot;csslayout&quot;:&quot;&quot;,&quot;fcontent&quot;:&quot;&lt;p&gt;Hinweis: Nur die ausw\\u00e4hlbaren Tage\\\/Zeiten sind noch verf\\u00fcgbar zum Kegeln.&lt;\\\/p&gt;\\n&lt;p&gt;\\nNote: Only the selectable days\\\/times are still available for bowling.&lt;\\\/p&gt;&quot;,&quot;fBuild&quot;:{},&quot;title&quot;:null},{&quot;form_identifier&quot;:&quot;&quot;,&quot;name&quot;:&quot;fieldname1&quot;,&quot;shortlabel&quot;:&quot;Timeslots&quot;,&quot;index&quot;:1,&quot;ftype&quot;:&quot;fslots&quot;,&quot;userhelp&quot;:&quot;&quot;,&quot;userhelpTooltip&quot;:&quot;&quot;,&quot;csslayout&quot;:&quot;&quot;,&quot;title&quot;:&quot;W\\u00e4hle den Tag und die gew\\u00fcnschten Timeslots aus:&quot;,&quot;slotsavailInit&quot;:{&quot;d1&quot;:[{&quot;h1&quot;:8,&quot;m1&quot;:0,&quot;c&quot;:1,&quot;p&quot;:0,&quot;min&quot;:480}],&quot;d2&quot;:[{&quot;h1&quot;:8,&quot;m1&quot;:0,&quot;c&quot;:1,&quot;p&quot;:0,&quot;min&quot;:480}],&quot;d3&quot;:[{&quot;h1&quot;:8,&quot;m1&quot;:0,&quot;c&quot;:1,&quot;p&quot;:0,&quot;min&quot;:480}],&quot;d4&quot;:[{&quot;h1&quot;:8,&quot;m1&quot;:0,&quot;c&quot;:1,&quot;p&quot;:0,&quot;min&quot;:480}],&quot;d5&quot;:[{&quot;h1&quot;:8,&quot;m1&quot;:0,&quot;c&quot;:1,&quot;p&quot;:0,&quot;min&quot;:480}]},&quot;slots_special&quot;:[],&quot;min_quantity&quot;:1,&quot;max_quantity&quot;:&quot;6&quot;,&quot;quantity1&quot;:1,&quot;quantity1start&quot;:0,&quot;label1&quot;:&quot;&quot;,&quot;quantity2&quot;:1,&quot;label2&quot;:&quot;&quot;,&quot;quantity3&quot;:1,&quot;label3&quot;:&quot;&quot;,&quot;quantity4&quot;:1,&quot;label4&quot;:&quot;&quot;,&quot;quantity5&quot;:1,&quot;label5&quot;:&quot;&quot;,&quot;prices&quot;:[{&quot;name&quot;:&quot;default&quot;,&quot;price1&quot;:[&quot;30&quot;,&quot;30&quot;,&quot;30&quot;,&quot;30&quot;,&quot;30&quot;,&quot;30&quot;],&quot;price2&quot;:[0,0,0,0,0,0],&quot;price3&quot;:[0,0,0,0,0,0],&quot;price4&quot;:[0,0,0,0,0,0],&quot;price5&quot;:[0,0,0,0,0,0]}],&quot;dateFormat&quot;:&quot;mm\\\/dd\\\/yy&quot;,&quot;showDropdown&quot;:false,&quot;showTotalCost&quot;:true,&quot;usedSlotsCheckbox&quot;:false,&quot;flatPrice&quot;:true,&quot;showTotalCostFormat&quot;:&quot;{0} \\u20ac&quot;,&quot;dropdownRange&quot;:&quot;-10:+10&quot;,&quot;working_dates&quot;:[true,true,true,true,true,true,true,true,true,true,true,true,true,true,true],&quot;numberOfMonths&quot;:&quot;1&quot;,&quot;firstDay&quot;:&quot;1&quot;,&quot;minDate&quot;:&quot;0&quot;,&quot;maxDate&quot;:&quot;&quot;,&quot;defaultDate&quot;:&quot;&quot;,&quot;invalidDates&quot;:&quot;&quot;,&quot;tmpinvalidDates&quot;:&quot;&quot;,&quot;required&quot;:true,&quot;militaryTime&quot;:1,&quot;slotsavail&quot;:{&quot;d1&quot;:[{&quot;h1&quot;:16,&quot;m1&quot;:0,&quot;c&quot;:&quot;1&quot;,&quot;p&quot;:0,&quot;min&quot;:960},{&quot;h1&quot;:17,&quot;m1&quot;:0,&quot;c&quot;:&quot;1&quot;,&quot;p&quot;:0,&quot;min&quot;:1020},{&quot;h1&quot;:18,&quot;m1&quot;:0,&quot;c&quot;:&quot;1&quot;,&quot;p&quot;:&quot;0&quot;,&quot;min&quot;:1080},{&quot;h1&quot;:19,&quot;m1&quot;:0,&quot;c&quot;:&quot;1&quot;,&quot;p&quot;:&quot;0&quot;,&quot;min&quot;:1140},{&quot;h1&quot;:20,&quot;m1&quot;:0,&quot;c&quot;:&quot;1&quot;,&quot;p&quot;:&quot;0&quot;,&quot;min&quot;:1200},{&quot;h1&quot;:21,&quot;m1&quot;:0,&quot;c&quot;:&quot;1&quot;,&quot;p&quot;:&quot;0&quot;,&quot;min&quot;:1260}],&quot;d2&quot;:[{&quot;h1&quot;:16,&quot;m1&quot;:0,&quot;c&quot;:&quot;1&quot;,&quot;p&quot;:0,&quot;min&quot;:960},{&quot;h1&quot;:17,&quot;m1&quot;:0,&quot;c&quot;:&quot;1&quot;,&quot;p&quot;:0,&quot;min&quot;:1020},{&quot;h1&quot;:18,&quot;m1&quot;:0,&quot;c&quot;:&quot;1&quot;,&quot;p&quot;:&quot;0&quot;,&quot;min&quot;:1080},{&quot;h1&quot;:19,&quot;m1&quot;:0,&quot;c&quot;:&quot;1&quot;,&quot;p&quot;:&quot;0&quot;,&quot;min&quot;:1140},{&quot;h1&quot;:20,&quot;m1&quot;:0,&quot;c&quot;:&quot;1&quot;,&quot;p&quot;:&quot;0&quot;,&quot;min&quot;:1200},{&quot;h1&quot;:21,&quot;m1&quot;:0,&quot;c&quot;:&quot;1&quot;,&quot;p&quot;:&quot;0&quot;,&quot;min&quot;:1260}],&quot;d3&quot;:[{&quot;h1&quot;:16,&quot;m1&quot;:0,&quot;c&quot;:&quot;1&quot;,&quot;p&quot;:0,&quot;min&quot;:960},{&quot;h1&quot;:17,&quot;m1&quot;:0,&quot;c&quot;:&quot;1&quot;,&quot;p&quot;:0,&quot;min&quot;:1020},{&quot;h1&quot;:18,&quot;m1&quot;:0,&quot;c&quot;:&quot;1&quot;,&quot;p&quot;:&quot;0&quot;,&quot;min&quot;:1080},{&quot;h1&quot;:19,&quot;m1&quot;:0,&quot;c&quot;:&quot;1&quot;,&quot;p&quot;:&quot;0&quot;,&quot;min&quot;:1140},{&quot;h1&quot;:20,&quot;m1&quot;:0,&quot;c&quot;:&quot;1&quot;,&quot;p&quot;:&quot;0&quot;,&quot;min&quot;:1200},{&quot;h1&quot;:21,&quot;m1&quot;:0,&quot;c&quot;:&quot;1&quot;,&quot;p&quot;:&quot;0&quot;,&quot;min&quot;:1260}],&quot;d4&quot;:[{&quot;h1&quot;:16,&quot;m1&quot;:0,&quot;c&quot;:&quot;1&quot;,&quot;p&quot;:0,&quot;min&quot;:960},{&quot;h1&quot;:17,&quot;m1&quot;:0,&quot;c&quot;:&quot;1&quot;,&quot;p&quot;:0,&quot;min&quot;:1020},{&quot;h1&quot;:18,&quot;m1&quot;:0,&quot;c&quot;:&quot;1&quot;,&quot;p&quot;:&quot;0&quot;,&quot;min&quot;:1080},{&quot;h1&quot;:19,&quot;m1&quot;:0,&quot;c&quot;:&quot;1&quot;,&quot;p&quot;:&quot;0&quot;,&quot;min&quot;:1140},{&quot;h1&quot;:20,&quot;m1&quot;:0,&quot;c&quot;:&quot;1&quot;,&quot;p&quot;:&quot;0&quot;,&quot;min&quot;:1200},{&quot;h1&quot;:21,&quot;m1&quot;:0,&quot;c&quot;:&quot;1&quot;,&quot;p&quot;:&quot;0&quot;,&quot;min&quot;:1260}],&quot;d5&quot;:[{&quot;h1&quot;:&quot;14&quot;,&quot;m1&quot;:&quot;0&quot;,&quot;c&quot;:&quot;1&quot;,&quot;p&quot;:&quot;0&quot;,&quot;min&quot;:840},{&quot;h1&quot;:&quot;15&quot;,&quot;m1&quot;:&quot;0&quot;,&quot;c&quot;:&quot;1&quot;,&quot;p&quot;:&quot;0&quot;,&quot;min&quot;:900},{&quot;h1&quot;:16,&quot;m1&quot;:0,&quot;c&quot;:&quot;1&quot;,&quot;p&quot;:0,&quot;min&quot;:960},{&quot;h1&quot;:17,&quot;m1&quot;:0,&quot;c&quot;:&quot;1&quot;,&quot;p&quot;:0,&quot;min&quot;:1020},{&quot;h1&quot;:18,&quot;m1&quot;:0,&quot;c&quot;:&quot;1&quot;,&quot;p&quot;:&quot;0&quot;,&quot;min&quot;:1080},{&quot;h1&quot;:19,&quot;m1&quot;:0,&quot;c&quot;:&quot;1&quot;,&quot;p&quot;:&quot;0&quot;,&quot;min&quot;:1140},{&quot;h1&quot;:20,&quot;m1&quot;:0,&quot;c&quot;:&quot;1&quot;,&quot;p&quot;:&quot;0&quot;,&quot;min&quot;:1200},{&quot;h1&quot;:21,&quot;m1&quot;:0,&quot;c&quot;:&quot;1&quot;,&quot;p&quot;:&quot;0&quot;,&quot;min&quot;:1260}],&quot;d0&quot;:[{&quot;h1&quot;:&quot;15&quot;,&quot;m1&quot;:&quot;0&quot;,&quot;c&quot;:&quot;1&quot;,&quot;p&quot;:&quot;0&quot;,&quot;min&quot;:900},{&quot;h1&quot;:&quot;16&quot;,&quot;m1&quot;:&quot;0&quot;,&quot;c&quot;:&quot;1&quot;,&quot;p&quot;:&quot;0&quot;,&quot;min&quot;:960},{&quot;h1&quot;:&quot;17&quot;,&quot;m1&quot;:&quot;0&quot;,&quot;c&quot;:&quot;1&quot;,&quot;p&quot;:&quot;0&quot;,&quot;min&quot;:1020},{&quot;h1&quot;:18,&quot;m1&quot;:0,&quot;c&quot;:&quot;1&quot;,&quot;p&quot;:&quot;0&quot;,&quot;min&quot;:1080},{&quot;h1&quot;:19,&quot;m1&quot;:0,&quot;c&quot;:&quot;1&quot;,&quot;p&quot;:&quot;0&quot;,&quot;min&quot;:1140},{&quot;h1&quot;:20,&quot;m1&quot;:0,&quot;c&quot;:&quot;1&quot;,&quot;p&quot;:&quot;0&quot;,&quot;min&quot;:1200},{&quot;h1&quot;:21,&quot;m1&quot;:0,&quot;c&quot;:&quot;1&quot;,&quot;p&quot;:&quot;0&quot;,&quot;min&quot;:1260}],&quot;d6&quot;:[{&quot;h1&quot;:&quot;14&quot;,&quot;m1&quot;:&quot;0&quot;,&quot;c&quot;:&quot;1&quot;,&quot;p&quot;:&quot;0&quot;,&quot;min&quot;:840},{&quot;h1&quot;:&quot;15&quot;,&quot;m1&quot;:&quot;0&quot;,&quot;c&quot;:&quot;1&quot;,&quot;p&quot;:&quot;0&quot;,&quot;min&quot;:900},{&quot;h1&quot;:16,&quot;m1&quot;:0,&quot;c&quot;:&quot;1&quot;,&quot;p&quot;:0,&quot;min&quot;:960},{&quot;h1&quot;:17,&quot;m1&quot;:0,&quot;c&quot;:&quot;1&quot;,&quot;p&quot;:0,&quot;min&quot;:1020},{&quot;h1&quot;:18,&quot;m1&quot;:0,&quot;c&quot;:&quot;1&quot;,&quot;p&quot;:&quot;0&quot;,&quot;min&quot;:1080},{&quot;h1&quot;:19,&quot;m1&quot;:0,&quot;c&quot;:&quot;1&quot;,&quot;p&quot;:&quot;0&quot;,&quot;min&quot;:1140},{&quot;h1&quot;:20,&quot;m1&quot;:0,&quot;c&quot;:&quot;1&quot;,&quot;p&quot;:&quot;0&quot;,&quot;min&quot;:1200},{&quot;h1&quot;:21,&quot;m1&quot;:0,&quot;c&quot;:&quot;1&quot;,&quot;p&quot;:&quot;0&quot;,&quot;min&quot;:1260}]},&quot;maxNumberOfApp&quot;:0,&quot;fBuild&quot;:{},&quot;tmpinvalidDatestime&quot;:[],&quot;getD&quot;:{},&quot;minDateTmp&quot;:{},&quot;special_days&quot;:[],&quot;tmpCopy&quot;:[{&quot;h1&quot;:&quot;14&quot;,&quot;m1&quot;:&quot;0&quot;,&quot;c&quot;:&quot;1&quot;,&quot;p&quot;:&quot;0&quot;,&quot;min&quot;:840},{&quot;h1&quot;:&quot;15&quot;,&quot;m1&quot;:&quot;0&quot;,&quot;c&quot;:&quot;1&quot;,&quot;p&quot;:&quot;0&quot;,&quot;min&quot;:900},{&quot;h1&quot;:16,&quot;m1&quot;:0,&quot;c&quot;:&quot;1&quot;,&quot;p&quot;:0,&quot;min&quot;:960},{&quot;h1&quot;:17,&quot;m1&quot;:0,&quot;c&quot;:&quot;1&quot;,&quot;p&quot;:0,&quot;min&quot;:1020},{&quot;h1&quot;:18,&quot;m1&quot;:0,&quot;c&quot;:&quot;1&quot;,&quot;p&quot;:&quot;0&quot;,&quot;min&quot;:1080},{&quot;h1&quot;:19,&quot;m1&quot;:0,&quot;c&quot;:&quot;1&quot;,&quot;p&quot;:&quot;0&quot;,&quot;min&quot;:1140},{&quot;h1&quot;:20,&quot;m1&quot;:0,&quot;c&quot;:&quot;1&quot;,&quot;p&quot;:&quot;0&quot;,&quot;min&quot;:1200},{&quot;h1&quot;:21,&quot;m1&quot;:0,&quot;c&quot;:&quot;1&quot;,&quot;p&quot;:&quot;0&quot;,&quot;min&quot;:1260}]},{&quot;form_identifier&quot;:&quot;&quot;,&quot;name&quot;:&quot;fieldname2&quot;,&quot;shortlabel&quot;:&quot;&quot;,&quot;index&quot;:2,&quot;ftype&quot;:&quot;ftext&quot;,&quot;userhelp&quot;:&quot;&quot;,&quot;userhelpTooltip&quot;:&quot;&quot;,&quot;csslayout&quot;:&quot;&quot;,&quot;title&quot;:&quot;Name&quot;,&quot;predefined&quot;:&quot;&quot;,&quot;predefinedClick&quot;:false,&quot;required&quot;:true,&quot;size&quot;:&quot;medium&quot;,&quot;minlength&quot;:&quot;&quot;,&quot;maxlength&quot;:&quot;&quot;,&quot;equalTo&quot;:&quot;&quot;,&quot;fBuild&quot;:{}},{&quot;form_identifier&quot;:&quot;&quot;,&quot;name&quot;:&quot;email&quot;,&quot;shortlabel&quot;:&quot;&quot;,&quot;index&quot;:3,&quot;ftype&quot;:&quot;femail&quot;,&quot;userhelp&quot;:&quot;&quot;,&quot;userhelpTooltip&quot;:&quot;&quot;,&quot;csslayout&quot;:&quot;&quot;,&quot;title&quot;:&quot;E-Mail&quot;,&quot;predefined&quot;:&quot;&quot;,&quot;predefinedClick&quot;:false,&quot;required&quot;:true,&quot;size&quot;:&quot;medium&quot;,&quot;equalTo&quot;:&quot;&quot;,&quot;fBuild&quot;:{}},{&quot;form_identifier&quot;:&quot;&quot;,&quot;name&quot;:&quot;fieldname3&quot;,&quot;shortlabel&quot;:&quot;&quot;,&quot;index&quot;:4,&quot;ftype&quot;:&quot;ftext&quot;,&quot;userhelp&quot;:&quot;&quot;,&quot;userhelpTooltip&quot;:&quot;&quot;,&quot;csslayout&quot;:&quot;&quot;,&quot;title&quot;:&quot;Telefon&quot;,&quot;predefined&quot;:&quot;&quot;,&quot;predefinedClick&quot;:false,&quot;required&quot;:true,&quot;size&quot;:&quot;medium&quot;,&quot;minlength&quot;:&quot;&quot;,&quot;maxlength&quot;:&quot;&quot;,&quot;equalTo&quot;:&quot;&quot;,&quot;fBuild&quot;:{}},{&quot;form_identifier&quot;:&quot;&quot;,&quot;name&quot;:&quot;fieldname7&quot;,&quot;shortlabel&quot;:&quot;&quot;,&quot;index&quot;:5,&quot;ftype&quot;:&quot;fnumber&quot;,&quot;userhelp&quot;:&quot;&quot;,&quot;userhelpTooltip&quot;:false,&quot;csslayout&quot;:&quot;&quot;,&quot;title&quot;:&quot;Anzahl G\\u00e4ste (maximal 40)&quot;,&quot;predefined&quot;:&quot;&quot;,&quot;predefinedClick&quot;:false,&quot;required&quot;:false,&quot;size&quot;:&quot;small&quot;,&quot;thousandSeparator&quot;:&quot;&quot;,&quot;decimalSymbol&quot;:&quot;.&quot;,&quot;min&quot;:&quot;&quot;,&quot;max&quot;:&quot;40&quot;,&quot;minlength&quot;:&quot;&quot;,&quot;maxlength&quot;:&quot;&quot;,&quot;dformat&quot;:&quot;digits&quot;,&quot;formats&quot;:[&quot;digits&quot;,&quot;number&quot;],&quot;fBuild&quot;:{}},{&quot;form_identifier&quot;:&quot;&quot;,&quot;name&quot;:&quot;fieldname5&quot;,&quot;shortlabel&quot;:&quot;&quot;,&quot;index&quot;:6,&quot;ftype&quot;:&quot;ftext&quot;,&quot;userhelp&quot;:&quot;&quot;,&quot;userhelpTooltip&quot;:&quot;&quot;,&quot;csslayout&quot;:&quot;&quot;,&quot;title&quot;:&quot;Firma&quot;,&quot;predefined&quot;:&quot;&quot;,&quot;predefinedClick&quot;:false,&quot;required&quot;:false,&quot;size&quot;:&quot;medium&quot;,&quot;minlength&quot;:&quot;&quot;,&quot;maxlength&quot;:&quot;&quot;,&quot;equalTo&quot;:&quot;&quot;,&quot;fBuild&quot;:{}},{&quot;form_identifier&quot;:&quot;&quot;,&quot;name&quot;:&quot;fieldname6&quot;,&quot;shortlabel&quot;:&quot;&quot;,&quot;index&quot;:7,&quot;ftype&quot;:&quot;ftext&quot;,&quot;userhelp&quot;:&quot;&quot;,&quot;userhelpTooltip&quot;:&quot;&quot;,&quot;csslayout&quot;:&quot;&quot;,&quot;title&quot;:&quot;Rechnungsanschrift&quot;,&quot;predefined&quot;:&quot;&quot;,&quot;predefinedClick&quot;:false,&quot;required&quot;:false,&quot;size&quot;:&quot;medium&quot;,&quot;minlength&quot;:&quot;&quot;,&quot;maxlength&quot;:&quot;&quot;,&quot;equalTo&quot;:&quot;&quot;,&quot;fBuild&quot;:{}},{&quot;form_identifier&quot;:&quot;&quot;,&quot;name&quot;:&quot;fieldname4&quot;,&quot;shortlabel&quot;:&quot;&quot;,&quot;index&quot;:8,&quot;ftype&quot;:&quot;facceptance&quot;,&quot;userhelp&quot;:&quot;&quot;,&quot;userhelpTooltip&quot;:&quot;&quot;,&quot;csslayout&quot;:&quot;&quot;,&quot;title&quot;:&quot;Ja, ich will die Reservierungsfunktion f\\u00fcr Kegelbahnbuchungen nutzen, bei der pers\\u00f6nliche Daten meiner Person erhoben, \\u00fcbermittelt und verarbeitet werden. Informationen zu den Inhalten, der Protokollierung meiner Anmeldung, der statistischen Auswertung sowie meinen Abbestell- und L\\u00f6schm\\u00f6glichkeiten, erh\\u00e4ltst Du in unserer Datenschutzerkl\\u00e4rung.&quot;,&quot;value&quot;:&quot;I accept&quot;,&quot;url&quot;:&quot;&quot;,&quot;message&quot;:&quot;&quot;,&quot;required&quot;:true,&quot;fBuild&quot;:{}}],[{&quot;title&quot;:&quot;&quot;,&quot;description&quot;:&quot;&quot;,&quot;formlayout&quot;:&quot;top_aligned&quot;,&quot;formtemplate&quot;:&quot;cp_cff_clean&quot;,&quot;evalequations&quot;:1,&quot;autocomplete&quot;:1,&quot;autofocus&quot;:false}]]\" \/><input type=\"hidden\" name=\"refpage_1\" id=\"refpage_1\" value=\"\"><input type=\"hidden\" name=\"cp_tslotsbooking_pform_status\" value=\"0\" \/><div id=\"fbuilder\">    \r\n    <div id=\"fbuilder_1\">\r\n        <div id=\"formheader_1\"><\/div>\r\n        <div id=\"fieldlist_1\"><\/div>\r\n    <\/div>\r\n<\/div>   \r\n<div style=\"display:none\"> \r\n<div id=\"cpcaptchalayer_1\" class=\"cpcaptchalayer\">\r\n <div class=\"fields\" id=\"field-c0\" style=\"display:none\">\r\n    <label><\/label>\r\n    <div class=\"dfield\"><!--addons-payment-options--><\/div>\r\n    <div class=\"clearer\"><\/div>\r\n <\/div><!--addons-payment-fields-->\r\n<!-- rcadon -->\r\n<\/div>\r\n<\/div>\r\n<div id=\"cp_subbtn_1\" class=\"cp_subbtn\">Abschicken<\/div>\r\n<div style=\"clear:both;\"><\/div>\r\n<input type=\"hidden\" name=\"cptslotsb45c4d\" value=\"\"><\/form>\n","protected":false},"excerpt":{"rendered":"Abschicken","protected":false},"author":20,"featured_media":0,"parent":0,"menu_order":0,"comment_status":"closed","ping_status":"closed","template":"","meta":{"footnotes":""},"_links":{"self":[{"href":"https:\/\/www.pyonen.de\/tantelisbeth\/wp-json\/wp\/v2\/pages\/473"}],"collection":[{"href":"https:\/\/www.pyonen.de\/tantelisbeth\/wp-json\/wp\/v2\/pages"}],"about":[{"href":"https:\/\/www.pyonen.de\/tantelisbeth\/wp-json\/wp\/v2\/types\/page"}],"author":[{"embeddable":true,"href":"https:\/\/www.pyonen.de\/tantelisbeth\/wp-json\/wp\/v2\/users\/20"}],"replies":[{"embeddable":true,"href":"https:\/\/www.pyonen.de\/tantelisbeth\/wp-json\/wp\/v2\/comments?post=473"}],"version-history":[{"count":9,"href":"https:\/\/www.pyonen.de\/tantelisbeth\/wp-json\/wp\/v2\/pages\/473\/revisions"}],"predecessor-version":[{"id":523,"href":"https:\/\/www.pyonen.de\/tantelisbeth\/wp-json\/wp\/v2\/pages\/473\/revisions\/523"}],"wp:attachment":[{"href":"https:\/\/www.pyonen.de\/tantelisbeth\/wp-json\/wp\/v2\/media?parent=473"}],"curies":[{"name":"wp","href":"https:\/\/api.w.org\/{rel}","templated":true}]}}