{"id":98,"date":"2018-09-04T20:49:46","date_gmt":"2018-09-04T18:49:46","guid":{"rendered":"https:\/\/www.pyonen.de\/tantelisbeth\/wordpress\/?page_id=98"},"modified":"2026-02-16T12:42:19","modified_gmt":"2026-02-16T11:42:19","slug":"faq-kegelbahn","status":"publish","type":"page","link":"https:\/\/www.pyonen.de\/tantelisbeth\/faq-kegelbahn\/","title":{"rendered":"FAQ Kegelbahn"},"content":{"rendered":"<section class=\"l-section wpb_row us_custom_af6a9b6a height_auto\"><div class=\"l-section-h i-cf\"><div class=\"g-cols vc_row via_grid cols_3 laptops-cols_inherit tablets-cols_inherit mobiles-cols_1 valign_top type_default stacking_default\"><div class=\"wpb_column vc_column_container\"><div class=\"vc_column-inner\"><\/div><\/div><div class=\"wpb_column vc_column_container\"><div class=\"vc_column-inner\"><div class=\" ubtn-ctn-center \"><a class=\"ubtn-link ult-adjust-bottom-margin ubtn-center ubtn-normal \" href=\"https:\/\/www.pyonen.de\/tantelisbeth\/kegelbahn-reservieren\/\" title=\"Kegelbahn reservieren\" ><button type=\"button\" id=\"ubtn-8429\"  class=\"ubtn ult-adjust-bottom-margin ult-responsive ubtn-normal ubtn-no-hover-bg  none  ubtn-center   tooltip-69e5efe09e162\"  data-hover=\"\" data-border-color=\"\" data-bg=\"#0a0a0a\" data-hover-bg=\"\" data-border-hover=\"\" data-shadow-hover=\"\" data-shadow-click=\"none\" data-shadow=\"\" data-shd-shadow=\"\"  data-ultimate-target='#ubtn-8429'  data-responsive-json-new='{\"font-size\":\"\",\"line-height\":\"\"}'  style=\"font-weight:normal;border:none;background: #0a0a0a;color: #f9f9f9;\"><span class=\"ubtn-hover\" style=\"background-color:\"><\/span><span class=\"ubtn-data ubtn-text \" >Weiter zur Reservierung<\/span><\/button><\/a><\/div><\/div><\/div><div class=\"wpb_column vc_column_container\"><div class=\"vc_column-inner\"><div class=\"w-image align_right\"><a href=\"https:\/\/www.pyonen.de\/tantelisbeth\/faq-kegelbahn-en\/\" aria-label=\"Link\" class=\"w-image-h\"><img width=\"18\" height=\"12\" src=\"https:\/\/www.pyonen.de\/tantelisbeth\/wp-content\/uploads\/2020\/02\/en.png\" class=\"attachment-full size-full\" alt=\"\" decoding=\"async\" loading=\"lazy\" \/><\/a><\/div><\/div><\/div><\/div><\/div><\/section><section class=\"l-section wpb_row height_auto\"><div class=\"l-section-h i-cf\"><div class=\"g-cols vc_row via_grid cols_1 laptops-cols_inherit tablets-cols_inherit mobiles-cols_1 valign_top type_default stacking_default\"><div class=\"wpb_column vc_column_container\"><div class=\"vc_column-inner\"><div class=\"wpb_text_column us_custom_440dbe38\"><div class=\"wpb_wrapper\"><h3>H\u00e4ufig gestellte Fragen<\/h3>\n<p><strong>ACHTUNG:<\/strong><\/p>\n<p><strong>Zutritt ab 18 Jahren<\/strong><\/p>\n<p>Vielen Dank fu\u0308r deine Anfrage!<\/p>\n<p>Wir erhalten sehr viele Anfragen zur Kegelbahn. Leider k\u00f6nnen wir nicht alle Fragen individuell beantworten. Wenn du Fragen zur Buchung der Kegelbahn hast, lese Dir bitte zun\u00e4chst aufmerksam die untenstehenden FAQ durch!<br \/>\nWenn deine Frage dort nicht beantwortet wird, kontaktiere uns via E-Mail (tantelisbeth@artevent.de) oder telefonisch unter 030 444 79 67 (Mo-Fr 10-16 Uhr).<br \/>\nWenn du Fragen zu einer Tisch-Reservierung hast, melden wir uns bei dir.<\/p>\n<p><strong>1. Wie kann ich die Kegelbahn buchen?<\/strong><\/p>\n<p>Du kannst die Bahn ausschlie\u00dflich selbstst\u00e4ndig online buchen unter:<br \/>\n<strong><a href=\"https:\/\/www.pyonen.de\/tantelisbeth\/kegelbahn-reservieren\/\">https:\/\/www.pyonen.de\/tantelisbeth\/kegelbahn-reservieren\/<\/a><\/strong><br \/>\nEine Buchung u\u0308ber Mail oder Telefon ist nicht m\u00f6glich!<\/p>\n<p><strong>2. Welche Uhrzeiten kann ich buchen?<\/strong><\/p>\n<p>Die Kegelbahn ist von Montag \u2013 Donnerstag von 16:00 Uhr \u2013 22:00 Uhr, Freitag und Samstag von 14:00 Uhr &#8211; 22:00 Uhr, sowie Sonntag von 15:00 Uhr &#8211; 22:00 Uhr buchbar. Die buchbaren <strong>Slots sind jeweils 1 Stunde<\/strong> lang. Um 22:00 Uhr geht die Bahn automatisch aus, um unsere Nachbar:innen zu schonen.<\/p>\n<p><strong>3. Was bedeutet es, wenn ich keine Zeiten im Online-System anklicken kann?<\/strong><\/p>\n<p>Dann sind diese Zeiten bereits ausgebucht. Wenn im Kalender der Tag ergraut ist, ist der gesamte Tag bereits verbucht.<\/p>\n<p><strong>4. Wie viel kostet die Kegelbahn?<\/strong><\/p>\n<p>Der gesamte Kegelkeller mit seinen zwei Kegelbahnen kostet <strong>pro Stunde 30,- \u20ac<\/strong> Miete, unabh\u00e4ngig von der Personenanzahl.<\/p>\n<p><strong>5. Wie viele Personen passen in den Kegelkeller?<\/strong><\/p>\n<p>In unserem 2023 renovierten Kegelkeller haben nunmehr bis zu 40 Personen Platz.<\/p>\n<p><strong>6. Gibt es eine Warteliste?<\/strong><\/p>\n<p>Nein, leider k\u00f6nnen wir keine Warteliste f\u00fchren, da dies unsere Kapazit\u00e4ten sprengen w\u00fcrde. Sobald ein Slot storniert wird, erscheint er direkt wieder im Kalender und ist f\u00fcr euch buchbar. Schaut deshalb gern immer mal wieder auf unsere Website.<\/p>\n<p><strong>7. Wie kann ich meine Buchung stornieren?<\/strong><\/p>\n<p>Via E-Mail unter tantelisbeth@artevent.de \u2013 bitte beachtet die geltenden <strong>Stornierungsbedingungen<\/strong>!<\/p>\n<p>Diese sind wie folgt:<br \/>\nFalls ihr das einmalige Erlebnis doch nicht wahrnehmen k\u00f6nnt oder m\u00f6chtet, bitten wir, <strong>mindestens 72 Stunden<\/strong> vorher per Mail an tantelisbeth@artevent.de zu stornieren.<br \/>\nWird diese Frist nicht eingehalten, fallen die gebuchten Stunden an, zuz\u00fcglich einer <strong>Ausfallgeb\u00fchr von 50 \u20ac<\/strong>.<\/p>\n<p><strong>8. Gibt es eine Musikanlage?<\/strong><\/p>\n<p>Ja, im Keller steht eine Aktiv-Box in ausreichender Beschallungsgr\u00f6\u00dfe. Ihr k\u00f6nnt Euer Telefon oder Euren Rechner mittels Bluetooth koppeln.<\/p>\n<p><strong>9. Gibt es eine Altersbeschr\u00e4nkung?<\/strong><\/p>\n<p>Ja! Die Kegelbahn ist <strong>ab 18 Jahren<\/strong>. Der Zutritt unter 18 Jahren zur Gastst\u00e4tte und damit auch zur Kegelbahn ist aus Gru\u0308nden des Jugend- und Nichtraucher:innenschutzes untersagt.<\/p>\n<p><strong>10. Ich finde die Best\u00e4tigung der Buchung nicht mehr.<\/strong><\/p>\n<p>Schau zuerst in Deinen Spamordner. Suche in Deinen Mails unter dem Absender<br \/>\ntantelisbeth@artevent.de<br \/>\nSolltest Du Deine Best\u00e4tigung dort nicht gefunden haben, kannst Du Dich an uns wenden.<\/p>\n<p><strong>11. Darf man nach 22 Uhr im Kegelkeller sitzen bleiben?<\/strong><\/p>\n<p>Ja, wenn ihr den letzten Kegelslot (bis 22:00 Uhr) gebucht habt, k\u00f6nnt ihr den restlichen Abend sehr gerne in unserem Kegelkeller weiter feiern.<\/p>\n<p><strong>12. Kann man eine Rechnung bekommen?<\/strong><\/p>\n<p>Ihr erhaltet auf Anfrage einen Bewirtungsbeleg, wenn Ihr bezahlt. Solltet Ihr dennoch eine ordentliche Rechnung ben\u00f6tigen, so wendet Euch bitte per Mail mit einer gescannten Kopie des Bewirtungsbeleges an tantelisbeth@artevent.de<\/p>\n<p><strong>13. Kann man eigenes Essen mitbringen?<\/strong><\/p>\n<p>Ihr du\u0308rft gerne Fingerfood, Pizza, o\u00e4. mitbringen. Wir haben vor Ort keine Teller und auch kein Besteck. Bitte hinterlasst den Keller so, wie Ihr ihn vorfindet und entsorgt eventuelle Verpackungen und Reste selbstst\u00e4ndig. Die anderen G\u00e4st:innen und unser Reinigungsteam werden es Euch danken.<\/p>\n<p><strong>Eigene Getr\u00e4nke k\u00f6nnen nicht mitgebracht werden.<\/strong><\/p>\n<p><strong>14. Kann man mit Karte zahlen?<\/strong><\/p>\n<p>Ja. Ihr k\u00f6nnt bei uns in bar oder mit einer EC-Karte bezahlen. Wir aktzeptieren auch Kreditkarten.<br \/>\n<strong>Achtung<\/strong>: Karten von American Express werden von uns nicht als Zahlungsmittel akzeptiert.<\/p>\n<p><strong>15. Kann man unten rauchen?<\/strong><\/p>\n<p>Ja, wenn mensch will.<\/p>\n<p><strong>16. Gibt es Rabatte fu\u0308r gro\u00dfe Gruppen oder spezielle Angebote?<\/strong><\/p>\n<p>Nein.<\/p>\n<p><strong>17. Braucht mensch spezielle Schuhe zum kegeln?<\/strong><\/p>\n<p>Du kannst einfach die Schuhe w\u00e4hlen, in denen du dich am wohlsten f\u00fchlst und am sichersten bist.<\/p>\n<p><strong>18. K\u00f6nnen wir nach dem Kegeln einen Tisch oben reservieren?<\/strong><\/p>\n<p>Ja, wenn Ihr nach dem Kegeln oben weiter zusammensitzen wollt, schreibt uns gerne an<strong> <a href=\"mailto:tantelisbeth@artevent.de\">tantelisbeth@artevent.de.<\/a><\/strong> Bitte beachtet, dass wir Tische nur ab sp\u00e4testens 20 Uhr reservieren.<\/p>\n<p>&nbsp;<\/p>\n<p>Wir w\u00fcnschen euch viel Vergn\u00fcgen und freuen uns auf euren Besuch!<\/p>\n<p>Euer Tante Lisbeth Team<\/p>\n<\/div><\/div><div class=\" vc_custom_1756935220795 ubtn-ctn-center \"><a class=\"ubtn-link ult-adjust-bottom-margin ubtn-center ubtn-normal \" href=\"https:\/\/www.pyonen.de\/tantelisbeth\/kegelbahn-reservieren\/\" ><button type=\"button\" id=\"ubtn-7144\"  class=\"ubtn ult-adjust-bottom-margin ult-responsive ubtn-normal ubtn-no-hover-bg  none  ubtn-center   tooltip-69e5efe0a0061\"  data-hover=\"\" data-border-color=\"\" data-bg=\"#0a0a0a\" data-hover-bg=\"\" data-border-hover=\"\" data-shadow-hover=\"\" data-shadow-click=\"none\" data-shadow=\"\" data-shd-shadow=\"\"  data-ultimate-target='#ubtn-7144'  data-responsive-json-new='{\"font-size\":\"\",\"line-height\":\"\"}'  style=\"font-weight:normal;border:none;background: #0a0a0a;color: #f9f9f9;\"><span class=\"ubtn-hover\" style=\"background-color:\"><\/span><span class=\"ubtn-data ubtn-text \" >Weiter zur Reservierung<\/span><\/button><\/a><\/div><\/div><\/div><\/div><\/div><\/section>\n","protected":false},"excerpt":{"rendered":"Weiter zur ReservierungH\u00e4ufig gestellte Fragen ACHTUNG: Zutritt ab 18 Jahren Vielen Dank fu\u0308r deine Anfrage! Wir erhalten sehr viele Anfragen zur Kegelbahn. Leider k\u00f6nnen wir nicht alle Fragen individuell beantworten. Wenn du Fragen zur Buchung der Kegelbahn hast, lese Dir bitte zun\u00e4chst aufmerksam die untenstehenden FAQ durch! Wenn deine Frage dort nicht beantwortet wird, kontaktiere...","protected":false},"author":3,"featured_media":0,"parent":0,"menu_order":0,"comment_status":"closed","ping_status":"closed","template":"","meta":{"footnotes":""},"_links":{"self":[{"href":"https:\/\/www.pyonen.de\/tantelisbeth\/wp-json\/wp\/v2\/pages\/98"}],"collection":[{"href":"https:\/\/www.pyonen.de\/tantelisbeth\/wp-json\/wp\/v2\/pages"}],"about":[{"href":"https:\/\/www.pyonen.de\/tantelisbeth\/wp-json\/wp\/v2\/types\/page"}],"author":[{"embeddable":true,"href":"https:\/\/www.pyonen.de\/tantelisbeth\/wp-json\/wp\/v2\/users\/3"}],"replies":[{"embeddable":true,"href":"https:\/\/www.pyonen.de\/tantelisbeth\/wp-json\/wp\/v2\/comments?post=98"}],"version-history":[{"count":64,"href":"https:\/\/www.pyonen.de\/tantelisbeth\/wp-json\/wp\/v2\/pages\/98\/revisions"}],"predecessor-version":[{"id":552,"href":"https:\/\/www.pyonen.de\/tantelisbeth\/wp-json\/wp\/v2\/pages\/98\/revisions\/552"}],"wp:attachment":[{"href":"https:\/\/www.pyonen.de\/tantelisbeth\/wp-json\/wp\/v2\/media?parent=98"}],"curies":[{"name":"wp","href":"https:\/\/api.w.org\/{rel}","templated":true}]}}